{"id":18707,"date":"2022-05-06T14:18:23","date_gmt":"2022-05-06T12:18:23","guid":{"rendered":"https:\/\/worldcoalition.org\/?page_id=18707"},"modified":"2022-05-06T14:18:25","modified_gmt":"2022-05-06T12:18:25","slug":"articulos-2","status":"publish","type":"page","link":"https:\/\/worldcoalition.org\/es\/articulos-2\/","title":{"rendered":"Art\u00edculos"},"content":{"rendered":"\n<p>Lea los art\u00edculos de la Coalici\u00f3n Mundial contra la Pena de Muerte escritos por los distintos actores comprometidos con la abolici\u00f3n universal de la pena capital.<\/p>\n\n\n\n<p>Siga las noticias sobre el abolicionismo y las \u00faltimas informaciones sobre temas relacionados con la abolici\u00f3n en todo el mundo: avances, investigaciones sobre las condiciones de las prisiones o el tratamiento de los detenidos. Los art\u00edculos tambi\u00e9n abarcan la cuesti\u00f3n de la representaci\u00f3n legal de los condenados, la condici\u00f3n de la mujer y el papel de la opini\u00f3n p\u00fablica.<\/p>\n","protected":false},"excerpt":{"rendered":"<p>Lea los art\u00edculos de la Coalici\u00f3n Mundial contra la Pena de Muerte escritos por los distintos actores comprometidos con la abolici\u00f3n universal de la pena capital. Siga las noticias sobre el abolicionismo y las \u00faltimas informaciones sobre temas relacionados con la abolici\u00f3n en todo el mundo: avances, investigaciones sobre las condiciones de las prisiones o [&hellip;]<\/p>\n","protected":false},"author":2,"featured_media":0,"parent":0,"menu_order":0,"comment_status":"closed","ping_status":"closed","template":"news.php","meta":{"_acf_changed":false,"footnotes":""},"class_list":["post-18707","page","type-page","status-publish","hentry"],"acf":[],"yoast_head":"<!-- This site is optimized with the Yoast SEO plugin v27.3 - https:\/\/yoast.com\/product\/yoast-seo-wordpress\/ -->\n<title>Art\u00edculos - WCADP<\/title>\n<meta name=\"robots\" content=\"index, follow, max-snippet:-1, max-image-preview:large, max-video-preview:-1\" \/>\n<link rel=\"canonical\" href=\"https:\/\/worldcoalition.org\/es\/articulos-2\/\" \/>\n<meta property=\"og:locale\" content=\"es_ES\" \/>\n<meta property=\"og:type\" content=\"article\" \/>\n<meta property=\"og:title\" content=\"Art\u00edculos - WCADP\" \/>\n<meta property=\"og:description\" content=\"Lea los art\u00edculos de la Coalici\u00f3n Mundial contra la Pena de Muerte escritos por los distintos actores comprometidos con la abolici\u00f3n universal de la pena capital. Siga las noticias sobre el abolicionismo y las \u00faltimas informaciones sobre temas relacionados con la abolici\u00f3n en todo el mundo: avances, investigaciones sobre las condiciones de las prisiones o [&hellip;]\" \/>\n<meta property=\"og:url\" content=\"https:\/\/worldcoalition.org\/es\/articulos-2\/\" \/>\n<meta property=\"og:site_name\" content=\"WCADP\" \/>\n<meta property=\"article:modified_time\" content=\"2022-05-06T12:18:25+00:00\" \/>\n<meta name=\"twitter:card\" content=\"summary_large_image\" \/>\n<meta name=\"twitter:label1\" content=\"Tiempo de lectura\" \/>\n\t<meta name=\"twitter:data1\" content=\"1 minuto\" \/>\n<script type=\"application\/ld+json\" class=\"yoast-schema-graph\">{\"@context\":\"https:\\\/\\\/schema.org\",\"@graph\":[{\"@type\":\"WebPage\",\"@id\":\"https:\\\/\\\/worldcoalition.org\\\/es\\\/articulos-2\\\/\",\"url\":\"https:\\\/\\\/worldcoalition.org\\\/es\\\/articulos-2\\\/\",\"name\":\"Art\u00edculos - WCADP\",\"isPartOf\":{\"@id\":\"https:\\\/\\\/worldcoalition.org\\\/#website\"},\"datePublished\":\"2022-05-06T12:18:23+00:00\",\"dateModified\":\"2022-05-06T12:18:25+00:00\",\"breadcrumb\":{\"@id\":\"https:\\\/\\\/worldcoalition.org\\\/es\\\/articulos-2\\\/#breadcrumb\"},\"inLanguage\":\"es\",\"potentialAction\":[{\"@type\":\"ReadAction\",\"target\":[\"https:\\\/\\\/worldcoalition.org\\\/es\\\/articulos-2\\\/\"]}]},{\"@type\":\"BreadcrumbList\",\"@id\":\"https:\\\/\\\/worldcoalition.org\\\/es\\\/articulos-2\\\/#breadcrumb\",\"itemListElement\":[{\"@type\":\"ListItem\",\"position\":1,\"name\":\"Accueil\",\"item\":\"https:\\\/\\\/worldcoalition.org\\\/es\\\/\"},{\"@type\":\"ListItem\",\"position\":2,\"name\":\"Art\u00edculos\"}]},{\"@type\":\"WebSite\",\"@id\":\"https:\\\/\\\/worldcoalition.org\\\/#website\",\"url\":\"https:\\\/\\\/worldcoalition.org\\\/\",\"name\":\"WCADP\",\"description\":\"Uniting all those committed to the universal abolition of the death penalty\",\"publisher\":{\"@id\":\"https:\\\/\\\/worldcoalition.org\\\/#organization\"},\"potentialAction\":[{\"@type\":\"SearchAction\",\"target\":{\"@type\":\"EntryPoint\",\"urlTemplate\":\"https:\\\/\\\/worldcoalition.org\\\/?s={search_term_string}\"},\"query-input\":{\"@type\":\"PropertyValueSpecification\",\"valueRequired\":true,\"valueName\":\"search_term_string\"}}],\"inLanguage\":\"es\"},{\"@type\":\"Organization\",\"@id\":\"https:\\\/\\\/worldcoalition.org\\\/#organization\",\"name\":\"WCADP\",\"url\":\"https:\\\/\\\/worldcoalition.org\\\/\",\"logo\":{\"@type\":\"ImageObject\",\"inLanguage\":\"es\",\"@id\":\"https:\\\/\\\/worldcoalition.org\\\/#\\\/schema\\\/logo\\\/image\\\/\",\"url\":\"https:\\\/\\\/worldcoalition.org\\\/wp-content\\\/uploads\\\/2020\\\/09\\\/logo.png\",\"contentUrl\":\"https:\\\/\\\/worldcoalition.org\\\/wp-content\\\/uploads\\\/2020\\\/09\\\/logo.png\",\"width\":334,\"height\":158,\"caption\":\"WCADP\"},\"image\":{\"@id\":\"https:\\\/\\\/worldcoalition.org\\\/#\\\/schema\\\/logo\\\/image\\\/\"}}]}<\/script>\n<!-- \/ Yoast SEO plugin. -->","yoast_head_json":{"title":"Art\u00edculos - WCADP","robots":{"index":"index","follow":"follow","max-snippet":"max-snippet:-1","max-image-preview":"max-image-preview:large","max-video-preview":"max-video-preview:-1"},"canonical":"https:\/\/worldcoalition.org\/es\/articulos-2\/","og_locale":"es_ES","og_type":"article","og_title":"Art\u00edculos - WCADP","og_description":"Lea los art\u00edculos de la Coalici\u00f3n Mundial contra la Pena de Muerte escritos por los distintos actores comprometidos con la abolici\u00f3n universal de la pena capital. Siga las noticias sobre el abolicionismo y las \u00faltimas informaciones sobre temas relacionados con la abolici\u00f3n en todo el mundo: avances, investigaciones sobre las condiciones de las prisiones o [&hellip;]","og_url":"https:\/\/worldcoalition.org\/es\/articulos-2\/","og_site_name":"WCADP","article_modified_time":"2022-05-06T12:18:25+00:00","twitter_card":"summary_large_image","twitter_misc":{"Tiempo de lectura":"1 minuto"},"schema":{"@context":"https:\/\/schema.org","@graph":[{"@type":"WebPage","@id":"https:\/\/worldcoalition.org\/es\/articulos-2\/","url":"https:\/\/worldcoalition.org\/es\/articulos-2\/","name":"Art\u00edculos - WCADP","isPartOf":{"@id":"https:\/\/worldcoalition.org\/#website"},"datePublished":"2022-05-06T12:18:23+00:00","dateModified":"2022-05-06T12:18:25+00:00","breadcrumb":{"@id":"https:\/\/worldcoalition.org\/es\/articulos-2\/#breadcrumb"},"inLanguage":"es","potentialAction":[{"@type":"ReadAction","target":["https:\/\/worldcoalition.org\/es\/articulos-2\/"]}]},{"@type":"BreadcrumbList","@id":"https:\/\/worldcoalition.org\/es\/articulos-2\/#breadcrumb","itemListElement":[{"@type":"ListItem","position":1,"name":"Accueil","item":"https:\/\/worldcoalition.org\/es\/"},{"@type":"ListItem","position":2,"name":"Art\u00edculos"}]},{"@type":"WebSite","@id":"https:\/\/worldcoalition.org\/#website","url":"https:\/\/worldcoalition.org\/","name":"WCADP","description":"Uniting all those committed to the universal abolition of the death penalty","publisher":{"@id":"https:\/\/worldcoalition.org\/#organization"},"potentialAction":[{"@type":"SearchAction","target":{"@type":"EntryPoint","urlTemplate":"https:\/\/worldcoalition.org\/?s={search_term_string}"},"query-input":{"@type":"PropertyValueSpecification","valueRequired":true,"valueName":"search_term_string"}}],"inLanguage":"es"},{"@type":"Organization","@id":"https:\/\/worldcoalition.org\/#organization","name":"WCADP","url":"https:\/\/worldcoalition.org\/","logo":{"@type":"ImageObject","inLanguage":"es","@id":"https:\/\/worldcoalition.org\/#\/schema\/logo\/image\/","url":"https:\/\/worldcoalition.org\/wp-content\/uploads\/2020\/09\/logo.png","contentUrl":"https:\/\/worldcoalition.org\/wp-content\/uploads\/2020\/09\/logo.png","width":334,"height":158,"caption":"WCADP"},"image":{"@id":"https:\/\/worldcoalition.org\/#\/schema\/logo\/image\/"}}]}},"_links":{"self":[{"href":"https:\/\/worldcoalition.org\/es\/wp-json\/wp\/v2\/pages\/18707","targetHints":{"allow":["GET"]}}],"collection":[{"href":"https:\/\/worldcoalition.org\/es\/wp-json\/wp\/v2\/pages"}],"about":[{"href":"https:\/\/worldcoalition.org\/es\/wp-json\/wp\/v2\/types\/page"}],"author":[{"embeddable":true,"href":"https:\/\/worldcoalition.org\/es\/wp-json\/wp\/v2\/users\/2"}],"replies":[{"embeddable":true,"href":"https:\/\/worldcoalition.org\/es\/wp-json\/wp\/v2\/comments?post=18707"}],"version-history":[{"count":1,"href":"https:\/\/worldcoalition.org\/es\/wp-json\/wp\/v2\/pages\/18707\/revisions"}],"predecessor-version":[{"id":18708,"href":"https:\/\/worldcoalition.org\/es\/wp-json\/wp\/v2\/pages\/18707\/revisions\/18708"}],"wp:attachment":[{"href":"https:\/\/worldcoalition.org\/es\/wp-json\/wp\/v2\/media?parent=18707"}],"curies":[{"name":"wp","href":"https:\/\/api.w.org\/{rel}","templated":true}]}}