{"id":2960,"date":"2022-05-06T14:16:32","date_gmt":"2022-05-06T12:16:32","guid":{"rendered":"https:\/\/worldcoalition.org\/?page_id=2960"},"modified":"2022-05-06T14:16:34","modified_gmt":"2022-05-06T12:16:34","slug":"articles","status":"publish","type":"page","link":"https:\/\/worldcoalition.org\/fr\/articles\/","title":{"rendered":"Articles"},"content":{"rendered":"\n<p>Retrouvez les articles de la Coalition mondiale contre la peine de mort r\u00e9dig\u00e9s par tous les acteurs et toutes les actrices engag\u00e9\u00b7e\u00b7s pour l&rsquo;abolition universelle de la peine capitale.<\/p>\n\n\n\n<p>Suivez l&rsquo;actualit\u00e9 abolitionniste et les derni\u00e8res informations sur les sujets li\u00e9s \u00e0 l&rsquo;abolition partout dans le monde : les avanc\u00e9es, les recherches men\u00e9es sur les conditions de d\u00e9tention ou le traitement des personnes d\u00e9tenues. Les articles \u00e9voquent \u00e9galement la question de la repr\u00e9sentation juridique des personnes condamn\u00e9es, la condition des femmes et le r\u00f4le de l&rsquo;opinion publique.<\/p>\n","protected":false},"excerpt":{"rendered":"<p>Retrouvez les articles de la Coalition mondiale contre la peine de mort r\u00e9dig\u00e9s par tous les acteurs et toutes les actrices engag\u00e9\u00b7e\u00b7s pour l&rsquo;abolition universelle de la peine capitale. Suivez l&rsquo;actualit\u00e9 abolitionniste et les derni\u00e8res informations sur les sujets li\u00e9s \u00e0 l&rsquo;abolition partout dans le monde : les avanc\u00e9es, les recherches men\u00e9es sur les conditions [&hellip;]<\/p>\n","protected":false},"author":2,"featured_media":0,"parent":0,"menu_order":0,"comment_status":"closed","ping_status":"closed","template":"news.php","meta":{"_acf_changed":false,"footnotes":""},"class_list":["post-2960","page","type-page","status-publish","hentry"],"acf":[],"yoast_head":"<!-- This site is optimized with the Yoast SEO plugin v27.3 - https:\/\/yoast.com\/product\/yoast-seo-wordpress\/ -->\n<title>Articles - WCADP<\/title>\n<meta name=\"robots\" content=\"index, follow, max-snippet:-1, max-image-preview:large, max-video-preview:-1\" \/>\n<link rel=\"canonical\" href=\"https:\/\/worldcoalition.org\/fr\/articles\/\" \/>\n<meta property=\"og:locale\" content=\"fr_FR\" \/>\n<meta property=\"og:type\" content=\"article\" \/>\n<meta property=\"og:title\" content=\"Articles - WCADP\" \/>\n<meta property=\"og:description\" content=\"Retrouvez les articles de la Coalition mondiale contre la peine de mort r\u00e9dig\u00e9s par tous les acteurs et toutes les actrices engag\u00e9\u00b7e\u00b7s pour l&rsquo;abolition universelle de la peine capitale. Suivez l&rsquo;actualit\u00e9 abolitionniste et les derni\u00e8res informations sur les sujets li\u00e9s \u00e0 l&rsquo;abolition partout dans le monde : les avanc\u00e9es, les recherches men\u00e9es sur les conditions [&hellip;]\" \/>\n<meta property=\"og:url\" content=\"https:\/\/worldcoalition.org\/fr\/articles\/\" \/>\n<meta property=\"og:site_name\" content=\"WCADP\" \/>\n<meta property=\"article:modified_time\" content=\"2022-05-06T12:16:34+00:00\" \/>\n<meta name=\"twitter:card\" content=\"summary_large_image\" \/>\n<meta name=\"twitter:label1\" content=\"Dur\u00e9e de lecture estim\u00e9e\" \/>\n\t<meta name=\"twitter:data1\" content=\"1 minute\" \/>\n<script type=\"application\/ld+json\" class=\"yoast-schema-graph\">{\"@context\":\"https:\\\/\\\/schema.org\",\"@graph\":[{\"@type\":\"WebPage\",\"@id\":\"https:\\\/\\\/worldcoalition.org\\\/fr\\\/articles\\\/\",\"url\":\"https:\\\/\\\/worldcoalition.org\\\/fr\\\/articles\\\/\",\"name\":\"Articles - WCADP\",\"isPartOf\":{\"@id\":\"https:\\\/\\\/worldcoalition.org\\\/#website\"},\"datePublished\":\"2022-05-06T12:16:32+00:00\",\"dateModified\":\"2022-05-06T12:16:34+00:00\",\"breadcrumb\":{\"@id\":\"https:\\\/\\\/worldcoalition.org\\\/fr\\\/articles\\\/#breadcrumb\"},\"inLanguage\":\"fr-FR\",\"potentialAction\":[{\"@type\":\"ReadAction\",\"target\":[\"https:\\\/\\\/worldcoalition.org\\\/fr\\\/articles\\\/\"]}]},{\"@type\":\"BreadcrumbList\",\"@id\":\"https:\\\/\\\/worldcoalition.org\\\/fr\\\/articles\\\/#breadcrumb\",\"itemListElement\":[{\"@type\":\"ListItem\",\"position\":1,\"name\":\"Accueil\",\"item\":\"https:\\\/\\\/worldcoalition.org\\\/fr\\\/\"},{\"@type\":\"ListItem\",\"position\":2,\"name\":\"Articles\"}]},{\"@type\":\"WebSite\",\"@id\":\"https:\\\/\\\/worldcoalition.org\\\/#website\",\"url\":\"https:\\\/\\\/worldcoalition.org\\\/\",\"name\":\"WCADP\",\"description\":\"Uniting all those committed to the universal abolition of the death penalty\",\"publisher\":{\"@id\":\"https:\\\/\\\/worldcoalition.org\\\/#organization\"},\"potentialAction\":[{\"@type\":\"SearchAction\",\"target\":{\"@type\":\"EntryPoint\",\"urlTemplate\":\"https:\\\/\\\/worldcoalition.org\\\/?s={search_term_string}\"},\"query-input\":{\"@type\":\"PropertyValueSpecification\",\"valueRequired\":true,\"valueName\":\"search_term_string\"}}],\"inLanguage\":\"fr-FR\"},{\"@type\":\"Organization\",\"@id\":\"https:\\\/\\\/worldcoalition.org\\\/#organization\",\"name\":\"WCADP\",\"url\":\"https:\\\/\\\/worldcoalition.org\\\/\",\"logo\":{\"@type\":\"ImageObject\",\"inLanguage\":\"fr-FR\",\"@id\":\"https:\\\/\\\/worldcoalition.org\\\/#\\\/schema\\\/logo\\\/image\\\/\",\"url\":\"https:\\\/\\\/worldcoalition.org\\\/wp-content\\\/uploads\\\/2020\\\/09\\\/logo.png\",\"contentUrl\":\"https:\\\/\\\/worldcoalition.org\\\/wp-content\\\/uploads\\\/2020\\\/09\\\/logo.png\",\"width\":334,\"height\":158,\"caption\":\"WCADP\"},\"image\":{\"@id\":\"https:\\\/\\\/worldcoalition.org\\\/#\\\/schema\\\/logo\\\/image\\\/\"}}]}<\/script>\n<!-- \/ Yoast SEO plugin. -->","yoast_head_json":{"title":"Articles - WCADP","robots":{"index":"index","follow":"follow","max-snippet":"max-snippet:-1","max-image-preview":"max-image-preview:large","max-video-preview":"max-video-preview:-1"},"canonical":"https:\/\/worldcoalition.org\/fr\/articles\/","og_locale":"fr_FR","og_type":"article","og_title":"Articles - WCADP","og_description":"Retrouvez les articles de la Coalition mondiale contre la peine de mort r\u00e9dig\u00e9s par tous les acteurs et toutes les actrices engag\u00e9\u00b7e\u00b7s pour l&rsquo;abolition universelle de la peine capitale. Suivez l&rsquo;actualit\u00e9 abolitionniste et les derni\u00e8res informations sur les sujets li\u00e9s \u00e0 l&rsquo;abolition partout dans le monde : les avanc\u00e9es, les recherches men\u00e9es sur les conditions [&hellip;]","og_url":"https:\/\/worldcoalition.org\/fr\/articles\/","og_site_name":"WCADP","article_modified_time":"2022-05-06T12:16:34+00:00","twitter_card":"summary_large_image","twitter_misc":{"Dur\u00e9e de lecture estim\u00e9e":"1 minute"},"schema":{"@context":"https:\/\/schema.org","@graph":[{"@type":"WebPage","@id":"https:\/\/worldcoalition.org\/fr\/articles\/","url":"https:\/\/worldcoalition.org\/fr\/articles\/","name":"Articles - WCADP","isPartOf":{"@id":"https:\/\/worldcoalition.org\/#website"},"datePublished":"2022-05-06T12:16:32+00:00","dateModified":"2022-05-06T12:16:34+00:00","breadcrumb":{"@id":"https:\/\/worldcoalition.org\/fr\/articles\/#breadcrumb"},"inLanguage":"fr-FR","potentialAction":[{"@type":"ReadAction","target":["https:\/\/worldcoalition.org\/fr\/articles\/"]}]},{"@type":"BreadcrumbList","@id":"https:\/\/worldcoalition.org\/fr\/articles\/#breadcrumb","itemListElement":[{"@type":"ListItem","position":1,"name":"Accueil","item":"https:\/\/worldcoalition.org\/fr\/"},{"@type":"ListItem","position":2,"name":"Articles"}]},{"@type":"WebSite","@id":"https:\/\/worldcoalition.org\/#website","url":"https:\/\/worldcoalition.org\/","name":"WCADP","description":"Uniting all those committed to the universal abolition of the death penalty","publisher":{"@id":"https:\/\/worldcoalition.org\/#organization"},"potentialAction":[{"@type":"SearchAction","target":{"@type":"EntryPoint","urlTemplate":"https:\/\/worldcoalition.org\/?s={search_term_string}"},"query-input":{"@type":"PropertyValueSpecification","valueRequired":true,"valueName":"search_term_string"}}],"inLanguage":"fr-FR"},{"@type":"Organization","@id":"https:\/\/worldcoalition.org\/#organization","name":"WCADP","url":"https:\/\/worldcoalition.org\/","logo":{"@type":"ImageObject","inLanguage":"fr-FR","@id":"https:\/\/worldcoalition.org\/#\/schema\/logo\/image\/","url":"https:\/\/worldcoalition.org\/wp-content\/uploads\/2020\/09\/logo.png","contentUrl":"https:\/\/worldcoalition.org\/wp-content\/uploads\/2020\/09\/logo.png","width":334,"height":158,"caption":"WCADP"},"image":{"@id":"https:\/\/worldcoalition.org\/#\/schema\/logo\/image\/"}}]}},"_links":{"self":[{"href":"https:\/\/worldcoalition.org\/fr\/wp-json\/wp\/v2\/pages\/2960","targetHints":{"allow":["GET"]}}],"collection":[{"href":"https:\/\/worldcoalition.org\/fr\/wp-json\/wp\/v2\/pages"}],"about":[{"href":"https:\/\/worldcoalition.org\/fr\/wp-json\/wp\/v2\/types\/page"}],"author":[{"embeddable":true,"href":"https:\/\/worldcoalition.org\/fr\/wp-json\/wp\/v2\/users\/2"}],"replies":[{"embeddable":true,"href":"https:\/\/worldcoalition.org\/fr\/wp-json\/wp\/v2\/comments?post=2960"}],"version-history":[{"count":1,"href":"https:\/\/worldcoalition.org\/fr\/wp-json\/wp\/v2\/pages\/2960\/revisions"}],"predecessor-version":[{"id":2961,"href":"https:\/\/worldcoalition.org\/fr\/wp-json\/wp\/v2\/pages\/2960\/revisions\/2961"}],"wp:attachment":[{"href":"https:\/\/worldcoalition.org\/fr\/wp-json\/wp\/v2\/media?parent=2960"}],"curies":[{"name":"wp","href":"https:\/\/api.w.org\/{rel}","templated":true}]}}